{"id":65,"date":"2023-01-17T14:53:21","date_gmt":"2023-01-17T14:53:21","guid":{"rendered":"https:\/\/vsjapons.ac.at\/?page_id=65"},"modified":"2023-05-08T09:38:19","modified_gmt":"2023-05-08T07:38:19","slug":"hausordnung","status":"publish","type":"page","link":"https:\/\/vsjapons.ac.at\/?page_id=65","title":{"rendered":"Hausordnung"},"content":{"rendered":"\n<ol class=\"wp-block-list\" type=\"1\" start=\"1\">\n<li>Ich will mich in der Schulgemeinschaft und auch au\u00dferhalb stets <strong>hilfsbereit,<\/strong> <strong>verst\u00e4ndnisvoll<\/strong> und <strong>h\u00f6flich<\/strong> verhalten.<\/li>\n<\/ol>\n\n\n\n<ol class=\"wp-block-list\" type=\"1\" start=\"2\">\n<li>Ein <strong>freundlicher Gru\u00df<\/strong> geh\u00f6rt zum guten Benehmen.<\/li>\n<\/ol>\n\n\n\n<ol class=\"wp-block-list\" type=\"1\" start=\"3\">\n<li>Ich darf\u00a0 \u00bc\u00a0 Stunde vor Unterrichtsbeginn das Schulhaus\u00a0betreten und begebe mich <strong>in meine Klasse<\/strong>.<\/li>\n<\/ol>\n\n\n\n<ol class=\"wp-block-list\" type=\"1\" start=\"4\">\n<li>Um 8.10 h setze ich mich auf meinen <strong>Platz.<\/strong><\/li>\n<\/ol>\n\n\n\n<ol class=\"wp-block-list\" type=\"1\" start=\"5\">\n<li>Der Unterricht beginnt mit einem <strong>gemeinsamen Morgenritual<\/strong><\/li>\n<\/ol>\n\n\n\n<ol class=\"wp-block-list\" type=\"1\" start=\"6\">\n<li>Betritt ein Erwachsener das Klassenzimmer\u00a0&#8211; bleibe ich auf meinem <strong>Platz<\/strong> und <strong>gr\u00fc\u00dfe h\u00f6flich.<\/strong><\/li>\n<\/ol>\n\n\n\n<ol class=\"wp-block-list\" type=\"1\" start=\"7\">\n<li>Die\u00a0<strong>kleinen Pausen<\/strong> verbringe ich <strong>in der Klasse<\/strong>, w\u00e4hrend der <strong>gro\u00dfen Pause<\/strong> halte ich mich <strong>au\u00dferhalb der Klasse<\/strong> auf.<\/li>\n<\/ol>\n\n\n\n<ol class=\"wp-block-list\" type=\"1\" start=\"8\">\n<li>Ich achte auf <strong>gr\u00f6\u00dfte Reinlichkeit &#8211;<\/strong>\u00a0sowohl in der Klasse als auch im und um das Schulgeb\u00e4ude.<\/li>\n<\/ol>\n\n\n\n<ol class=\"wp-block-list\" type=\"1\" start=\"9\">\n<li>Ich\u00a0behandle <strong>Lehrmittel<\/strong> und <strong>Einrichtungsgegenst\u00e4nde<\/strong> sehr <strong>schonend<\/strong>. F\u00fcr jede mutwillige Besch\u00e4digung haften meine Eltern.<\/li>\n<\/ol>\n\n\n\n<ol class=\"wp-block-list\" type=\"1\" start=\"10\">\n<li>W\u00e4hrend der Unterrichtszeit darf ich das Schulhaus nur mit <strong>Erlaubnis <\/strong>eines Lehrers verlassen.<\/li>\n<\/ol>\n\n\n\n<ol class=\"wp-block-list\" type=\"1\" start=\"11\">\n<li>Das <strong>Laufen<\/strong> und <strong>L\u00e4rmen<\/strong> im Schulgeb\u00e4ude ist verboten \u2013 Unfallgefahr!<\/li>\n<\/ol>\n\n\n\n<ol class=\"wp-block-list\" type=\"1\" start=\"12\">\n<li><strong>Kaugummi<\/strong> und <strong>elektronische Spiele\/Ger\u00e4te<\/strong> sind in der Schule verboten.<\/li>\n<\/ol>\n\n\n\n<ol class=\"wp-block-list\" type=\"1\" start=\"13\">\n<li>Nach <strong>Beendigung<\/strong> des Unterrichts habe ich die Klasse unverz\u00fcglich zu verlassen und begebe mich in die Garderobe oder in den Nachmittagsbetreuungsraum.<\/li>\n<\/ol>\n\n\n\n<ol class=\"wp-block-list\" type=\"1\" start=\"14\">\n<li>Den <strong>Anordnungen<\/strong> der Erwachsenen habe ich Folge zu leisten.<\/li>\n<\/ol>\n\n\n\n<div class=\"wp-block-buttons is-content-justification-right is-layout-flex wp-container-core-buttons-is-layout-d445cf74 wp-block-buttons-is-layout-flex\">\n<div class=\"wp-block-button\"><a class=\"wp-block-button__link wp-element-button\" href=\"https:\/\/vsjapons.ac.at\/?page_id=42\">zur\u00fcck<\/a><\/div>\n<\/div>\n<div class=\"likebtn_container\" style=\"\"><!-- LikeBtn.com BEGIN --><span class=\"likebtn-wrapper\"  data-identifier=\"page_65\"  data-site_id=\"6500703d943ec9971d6c2d4a\"  data-lang=\"de\"  data-style=\"\"  data-unlike_allowed=\"\"  data-show_copyright=\"\"  data-item_url=\"https:\/\/vsjapons.ac.at\/?page_id=65\"  data-item_title=\"Hausordnung\"  data-item_date=\"2023-01-17T14:53:21+01:00\"  data-engine=\"WordPress\"  data-plugin_v=\"2.6.59\"  data-prx=\"https:\/\/vsjapons.ac.at\/wp-admin\/admin-ajax.php?action=likebtn_prx\"  data-event_handler=\"likebtn_eh\" ><\/span><!-- LikeBtn.com END --><\/div>","protected":false},"excerpt":{"rendered":"<div class=\"likebtn_container\" style=\"\"><!-- LikeBtn.com BEGIN --><span class=\"likebtn-wrapper\"  data-identifier=\"page_65\"  data-site_id=\"6500703d943ec9971d6c2d4a\"  data-lang=\"de\"  data-style=\"\"  data-unlike_allowed=\"\"  data-show_copyright=\"\"  data-item_url=\"https:\/\/vsjapons.ac.at\/?page_id=65\"  data-item_title=\"Hausordnung\"  data-item_date=\"2023-01-17T14:53:21+01:00\"  data-engine=\"WordPress\"  data-plugin_v=\"2.6.59\"  data-prx=\"https:\/\/vsjapons.ac.at\/wp-admin\/admin-ajax.php?action=likebtn_prx\"  data-event_handler=\"likebtn_eh\" ><\/span><!-- LikeBtn.com END --><\/div>","protected":false},"author":2,"featured_media":0,"parent":0,"menu_order":0,"comment_status":"closed","ping_status":"closed","template":"","meta":{"_uf_show_specific_survey":0,"_uf_disable_surveys":false,"cybocfi_hide_featured_image":"","two_page_speed":[],"footnotes":""},"class_list":["post-65","page","type-page","status-publish","hentry"],"_links":{"self":[{"href":"https:\/\/vsjapons.ac.at\/index.php?rest_route=\/wp\/v2\/pages\/65","targetHints":{"allow":["GET"]}}],"collection":[{"href":"https:\/\/vsjapons.ac.at\/index.php?rest_route=\/wp\/v2\/pages"}],"about":[{"href":"https:\/\/vsjapons.ac.at\/index.php?rest_route=\/wp\/v2\/types\/page"}],"author":[{"embeddable":true,"href":"https:\/\/vsjapons.ac.at\/index.php?rest_route=\/wp\/v2\/users\/2"}],"replies":[{"embeddable":true,"href":"https:\/\/vsjapons.ac.at\/index.php?rest_route=%2Fwp%2Fv2%2Fcomments&post=65"}],"version-history":[{"count":5,"href":"https:\/\/vsjapons.ac.at\/index.php?rest_route=\/wp\/v2\/pages\/65\/revisions"}],"predecessor-version":[{"id":586,"href":"https:\/\/vsjapons.ac.at\/index.php?rest_route=\/wp\/v2\/pages\/65\/revisions\/586"}],"wp:attachment":[{"href":"https:\/\/vsjapons.ac.at\/index.php?rest_route=%2Fwp%2Fv2%2Fmedia&parent=65"}],"curies":[{"name":"wp","href":"https:\/\/api.w.org\/{rel}","templated":true}]}}